{"id":208,"date":"2024-09-30T12:04:40","date_gmt":"2024-09-30T17:04:40","guid":{"rendered":"https:\/\/tourahuacachina.com\/?post_type=product&#038;p=208"},"modified":"2024-11-06T09:46:32","modified_gmt":"2024-11-06T14:46:32","slug":"tour-islas-ballestas-huacachina","status":"publish","type":"product","link":"https:\/\/tourahuacachina.com\/en_us\/tours\/tour-islas-ballestas-huacachina\/","title":{"rendered":"Ballestas Islands + Huacachina Tour"},"content":{"rendered":"<p>We will start the tour by visiting the famous Ballestas Islands of Paracas, a trip out to sea where we will observe different species of sea birds such as Humboldt penguins, pelicans, sea lions and many others. Later we will visit Ica, to taste sweet and semi-dry wines, we will also taste our signature drink, Peruvian Pisco, and we will finish with some delicious creams. Lunch. In the afternoon we will visit the most important tourist attraction in the region, \"La Laguna de la Huacachina\", to take a tour of the dunes in sand trucks and do the extreme sport of Sandboarding.<\/p>","protected":false},"excerpt":{"rendered":"<p>El Oasis de Huacachina es un para\u00edso natural ubicado en pleno desierto de Ica, Per\u00fa. Este impresionante oasis rodeado de altas dunas de arena ofrece un paisaje \u00fanico, perfecto para el turismo de aventura y descanso. Entre sus actividades destacan los paseos en buggies, el sandboarding y el relax junto a la laguna. Huacachina es ideal para los amantes de la naturaleza, la fotograf\u00eda y los deportes extremos. \u00a1Un destino imprescindible para explorar en Per\u00fa!<\/p>","protected":false},"featured_media":213,"template":"","meta":{"_acf_changed":false},"product_brand":[],"product_cat":[17],"product_tag":[18],"class_list":{"0":"post-208","1":"product","2":"type-product","3":"status-publish","4":"has-post-thumbnail","6":"product_cat-lima","7":"product_tag-recurrentes","9":"first","10":"instock","11":"virtual","12":"sold-individually","13":"purchasable","14":"product-type-booking"},"acf":[],"_links":{"self":[{"href":"https:\/\/tourahuacachina.com\/en_us\/wp-json\/wp\/v2\/product\/208","targetHints":{"allow":["GET"]}}],"collection":[{"href":"https:\/\/tourahuacachina.com\/en_us\/wp-json\/wp\/v2\/product"}],"about":[{"href":"https:\/\/tourahuacachina.com\/en_us\/wp-json\/wp\/v2\/types\/product"}],"wp:featuredmedia":[{"embeddable":true,"href":"https:\/\/tourahuacachina.com\/en_us\/wp-json\/wp\/v2\/media\/213"}],"wp:attachment":[{"href":"https:\/\/tourahuacachina.com\/en_us\/wp-json\/wp\/v2\/media?parent=208"}],"wp:term":[{"taxonomy":"product_brand","embeddable":true,"href":"https:\/\/tourahuacachina.com\/en_us\/wp-json\/wp\/v2\/product_brand?post=208"},{"taxonomy":"product_cat","embeddable":true,"href":"https:\/\/tourahuacachina.com\/en_us\/wp-json\/wp\/v2\/product_cat?post=208"},{"taxonomy":"product_tag","embeddable":true,"href":"https:\/\/tourahuacachina.com\/en_us\/wp-json\/wp\/v2\/product_tag?post=208"}],"curies":[{"name":"wp","href":"https:\/\/api.w.org\/{rel}","templated":true}]}}